{"id":9,"date":"2019-03-28T15:22:58","date_gmt":"2019-03-28T14:22:58","guid":{"rendered":"http:\/\/www.forum-sapere-aude.de\/?page_id=9"},"modified":"2025-07-27T14:27:44","modified_gmt":"2025-07-27T12:27:44","slug":"home","status":"publish","type":"page","link":"https:\/\/www.forum-sapere-aude.de\/","title":{"rendered":"Home"},"content":{"rendered":"<p><img loading=\"lazy\" decoding=\"async\" class=\"alignnone wp-image-40 size-full\" src=\"http:\/\/www.forum-sapere-aude.de\/wp-content\/uploads\/2019\/04\/header_1270.jpg\" alt=\"\" width=\"1270\" height=\"907\" srcset=\"https:\/\/www.forum-sapere-aude.de\/wp-content\/uploads\/2019\/04\/header_1270.jpg 1270w, https:\/\/www.forum-sapere-aude.de\/wp-content\/uploads\/2019\/04\/header_1270-300x214.jpg 300w, https:\/\/www.forum-sapere-aude.de\/wp-content\/uploads\/2019\/04\/header_1270-768x548.jpg 768w, https:\/\/www.forum-sapere-aude.de\/wp-content\/uploads\/2019\/04\/header_1270-1024x731.jpg 1024w\" sizes=\"auto, (max-width: 1270px) 100vw, 1270px\" \/><\/p>\n<h1><span style=\"color: #333333; font-size: 24pt;\">Ein herzliches Gria\u00df di bei Pizza di Mario<\/span><\/h1>\n<h3>Forum-Sapere-Aude?!?<br \/>\nJa, was hat das denn mit Pizza zu tun?<\/h3>\n<p>\u201eSapere aude\u201c war der Leitsatz in der Epoche der Aufkl\u00e4rung und heisst soviel wie \u201eWage zu wissen!\u201c oder \u201eHabe den Mut, Dich Deines eigenen Verstandes zu bedienen!\u201c<\/p>\n<p>sapere (lat. eigentlich \u201eschmecken\u201c) aude (lat. auch \u201ebegierig sein\u201c)<br \/>\ndeshalb bei mir in der abgewandelten Form <strong>\u201eGierig auf guten Geschmack!\u201c<\/strong><\/p>\n<h3>Bei meinen spontan ausgesprochenen Einladungen werde ich oft gefragt:<\/h3>\n<h3>\u201eMario, warum machst du das?\u201c<\/h3>\n<p>Ich bin im elterlichen Restaurant gro\u00df geworden und stand schon sehr fr\u00fch mit einer umgedrehten Bierkiste am Zapfhahn. Ich wollte unbedingt Bier einschenken. Meinem Vater, der als Schiffskoch die Weltmeere bereiste, konnte ich, nach seiner Seefahrt im eigenen Restaurant von Kindesbeinen an, bei seiner Arbeit auf die Finger schauen. Beruflich hat es mich in eine v\u00f6llig andere Branche verschlagen, aber ich habe immer schon f\u00fcr Familie und Freunde gekocht.<\/p>\n<p><img loading=\"lazy\" decoding=\"async\" class=\"alignnone wp-image-44 size-full\" src=\"http:\/\/www.forum-sapere-aude.de\/wp-content\/uploads\/2019\/04\/FotoliaComp_120437815_8OK73bfh2dQhSEtAzI3XNjkL11bN4ax2_NW40.jpg\" alt=\"\" width=\"500\" height=\"440\" srcset=\"https:\/\/www.forum-sapere-aude.de\/wp-content\/uploads\/2019\/04\/FotoliaComp_120437815_8OK73bfh2dQhSEtAzI3XNjkL11bN4ax2_NW40.jpg 500w, https:\/\/www.forum-sapere-aude.de\/wp-content\/uploads\/2019\/04\/FotoliaComp_120437815_8OK73bfh2dQhSEtAzI3XNjkL11bN4ax2_NW40-300x264.jpg 300w\" sizes=\"auto, (max-width: 500px) 100vw, 500px\" \/><\/p>\n<p>Jetzt darf ich mit meinen Pizzaabenden endlich den Rest der Welt bewirten. Als Gastgeber habe ich dabei bereits h\u00f6chste Wertsch\u00e4tzung erfahren. Zwei geb\u00fcrtige Neapolitaner (Offizielle Geburtsstadt der Pizza Margherita) haben mir als meine G\u00e4ste bescheinigt: \u201eMario, wenn in Deutschland nichts mehr geht, kannst du jederzeit als Pizzab\u00e4cker in Neapel anfangen!\u201c Ganz gut f\u00fcr einen Hobbykoch, oder?<\/p>\n<p>Normalerweise kennen sich meine G\u00e4ste noch nicht, aber ich mache nat\u00fcrlich alle miteinander bekannt und versuche Gemeinsamkeiten aufzudecken. Du kannst also neue Menschen kennenlernen, netzwerken und vorz\u00fcglich speisen gleichzeitig. Wir sind maximal 8 Personen, 6 G\u00e4ste, meine Frau und ich.<\/p>\n<p><img loading=\"lazy\" decoding=\"async\" class=\"alignnone wp-image-33 size-full\" src=\"http:\/\/www.forum-sapere-aude.de\/wp-content\/uploads\/2019\/04\/Fotolia_129533197_S.jpg\" alt=\"\" width=\"601\" height=\"798\" srcset=\"https:\/\/www.forum-sapere-aude.de\/wp-content\/uploads\/2019\/04\/Fotolia_129533197_S.jpg 601w, https:\/\/www.forum-sapere-aude.de\/wp-content\/uploads\/2019\/04\/Fotolia_129533197_S-226x300.jpg 226w\" sizes=\"auto, (max-width: 601px) 100vw, 601px\" \/><\/p>\n<h3>Wie geht das dann vonstatten?<\/h3>\n<p>Beginn ist immer <strong>18:30h<\/strong>. Es gibt eine knusprige frische Pizza nach der anderen, solange bis alle satt sind. Pizzateig und Pizzaiola nach traditionellen Rezepten selbstgemacht und ja, die Rezepte gibt es auch zum Mitnehmen.<br \/>\nDa ich nur einen Gastro-Pizzaofen habe, gibt es immer ein Achtel der aktuellen Pizza und Du isst vielleicht ein St\u00fcck, das Du so von der Karte nicht bestellen w\u00fcrdest. Durch die kleinen H\u00e4ppchen dauert es ein bisschen bis sich ein S\u00e4ttigungsgef\u00fchl eingestellt hat, deshalb fangen wir fr\u00fchzeitig an. Erfahrungsgem\u00e4\u00df bleibt gen\u00fcgend Platz f\u00fcr Smalltalk und Austausch.<\/p>\n<p>Wenn etwas auf den Tisch kommt, was Du auf keinen Fall essen kannst, willst, darfst? Einfach eine Runde aussetzen und bei der n\u00e4chsten Pizza wieder zugreifen!<br \/>\nNormalerweise backe ich jeweils am ersten Samstag des Monats, au\u00dfer der Familienkalender oder der FCA sagt etwas anderes.<br \/>\nDie n\u00e4chsten Termine im laufenden Jahr stehen unten zur Auswahl, suche Dir einfach aus, wann du Zeit, Lust und Mu\u00dfe hast f\u00fcr Pizza di Mario.<\/p>\n<h3>Trage Dich ein und melde Dich an.<br \/>\nMeine Frau und ich freuen uns auf Deinen Besuch.<\/h3>\n<p><span style=\"font-size: 10pt;\"><strong>Info:<\/strong> Die Anzahl der freien Pl\u00e4tze \u00e4ndert sich erst mit meiner Best\u00e4tigung und noch nicht bei der Anmeldung. Sollten sich mehrere G\u00e4ste gleichzeitig anmelden und damit \u00fcberbucht sein, werden die Pl\u00e4tze nach der Reihenfolge der Anmeldung verteilt.\u00a0<\/span><\/p>\n<p><span style=\"color: #ff0000;\"><strong>Das Anmeldeformular funktioniert gerade nicht wie es soll \ud83d\ude41<\/strong><\/span><\/p>\n<p><span style=\"color: #ff0000;\"><strong>Statt Dich einzutragen, nun bitte mich anrufen 0172 -8201529 <\/strong><\/span><\/p>\n<p><span style=\"color: #ff0000;\"><strong>Die geplanten n\u00e4chsten Termine. Beginn immer 18.30h:<\/strong><\/span><\/p>\n<p><span style=\"color: #ff0000;\"><strong>Sa. 06.\u00a0 September 2025<\/strong><\/span><\/p>\n<p><span style=\"color: #ff0000;\"><strong>Fr. 03. Oktober 2025<\/strong><\/span><\/p>\n<p><span style=\"color: #ff0000;\"><strong>Sa. 08. November 2025<\/strong><\/span><\/p>\n<p><span style=\"color: #ff0000;\"><strong>Fr. 05. Dezember 2025<\/strong><\/span><\/p>\n<p><span style=\"color: #ff0000;\"><strong>Sa. 07. Februar 2026<\/strong><\/span><\/p>\n<p>Es gr\u00fc\u00dft der Mario<\/p>\n<p>Location: <strong>Ulmenstr. 1 86836 Untermeitingen<\/strong><\/p>\n<div id='mapp0-layout' class='mapp-layout mapp-left mapp-google' style='width: 640px;'><div class='mapp-wrapper' style='height: 480px' ><div class='mapp-main'><div class='mapp-canvas-panel'><div class='mapp-canvas' id='mapp0'><\/div><div class='mapp-controls'><\/div><div class='mapp-iw'><\/div><div class='mapp-dialog'><\/div><\/div><\/div><\/div><\/div>\n","protected":false},"excerpt":{"rendered":"<p>Ein herzliches Gria\u00df di bei Pizza di Mario Forum-Sapere-Aude?!? Ja, was hat das denn mit Pizza zu tun? \u201eSapere aude\u201c war der Leitsatz in der Epoche der Aufkl\u00e4rung und heisst soviel wie \u201eWage zu wissen!\u201c oder \u201eHabe den Mut, Dich Deines eigenen Verstandes zu bedienen!\u201c sapere (lat. eigentlich \u201eschmecken\u201c) aude (lat. auch \u201ebegierig sein\u201c) deshalb [&hellip;]<\/p>\n","protected":false},"author":3,"featured_media":0,"parent":0,"menu_order":0,"comment_status":"closed","ping_status":"closed","template":"","meta":{"footnotes":""},"categories":[],"tags":[],"class_list":["post-9","page","type-page","status-publish","hentry"],"_links":{"self":[{"href":"https:\/\/www.forum-sapere-aude.de\/index.php?rest_route=\/wp\/v2\/pages\/9","targetHints":{"allow":["GET"]}}],"collection":[{"href":"https:\/\/www.forum-sapere-aude.de\/index.php?rest_route=\/wp\/v2\/pages"}],"about":[{"href":"https:\/\/www.forum-sapere-aude.de\/index.php?rest_route=\/wp\/v2\/types\/page"}],"author":[{"embeddable":true,"href":"https:\/\/www.forum-sapere-aude.de\/index.php?rest_route=\/wp\/v2\/users\/3"}],"replies":[{"embeddable":true,"href":"https:\/\/www.forum-sapere-aude.de\/index.php?rest_route=%2Fwp%2Fv2%2Fcomments&post=9"}],"version-history":[{"count":103,"href":"https:\/\/www.forum-sapere-aude.de\/index.php?rest_route=\/wp\/v2\/pages\/9\/revisions"}],"predecessor-version":[{"id":196,"href":"https:\/\/www.forum-sapere-aude.de\/index.php?rest_route=\/wp\/v2\/pages\/9\/revisions\/196"}],"wp:attachment":[{"href":"https:\/\/www.forum-sapere-aude.de\/index.php?rest_route=%2Fwp%2Fv2%2Fmedia&parent=9"}],"wp:term":[{"taxonomy":"category","embeddable":true,"href":"https:\/\/www.forum-sapere-aude.de\/index.php?rest_route=%2Fwp%2Fv2%2Fcategories&post=9"},{"taxonomy":"post_tag","embeddable":true,"href":"https:\/\/www.forum-sapere-aude.de\/index.php?rest_route=%2Fwp%2Fv2%2Ftags&post=9"}],"curies":[{"name":"wp","href":"https:\/\/api.w.org\/{rel}","templated":true}]}}